{"id":35,"date":"2023-02-03T17:46:02","date_gmt":"2023-02-03T16:46:02","guid":{"rendered":"https:\/\/p-ink.pl\/?page_id=35"},"modified":"2024-12-05T19:12:01","modified_gmt":"2024-12-05T18:12:01","slug":"kontakt","status":"publish","type":"page","link":"https:\/\/p-ink.pl\/?page_id=35","title":{"rendered":"Kontakt"},"content":{"rendered":"\n<p class=\"has-large-font-size\">SERDECZNIE ZAPRASZAMY DO KONTAKTU:<\/p>\n\n\n<p>E-mail: <a href=\"mailto:hello@p-ink.pl\">hello@p-ink.pl<\/a><br \/>Telefon: <a href=\"tel:+48698522018\">+48 698 522 018<\/a><\/p>\n<p>ul. Klickiego 21<br \/>99-400 \u0141owicz, wojew\u00f3dztwo \u0142\u00f3dzkie, Polska<\/p>\n\n\n<hr class=\"wp-block-separator has-alpha-channel-opacity has-accent-bands-light-gradient-background has-background is-style-wide\"\/>\n\n\n<p>Dane firmy:<br \/>Polka. Dorota Piorun-Woli\u0144ska<br \/>NIP 8341853794<\/p>\n<center><iframe title=\"p.ink, \u0142owicz\" src=\"https:\/\/maps.google.com\/maps?q=p.ink%2C%20%C5%82owicz&amp;t=m&amp;z=11&amp;output=embed&amp;iwloc=near\" aria-label=\"p.ink, \u0142owicz\"><\/iframe><\/center>\n\n\n<hr class=\"wp-block-separator has-alpha-channel-opacity has-accent-bands-light-gradient-background has-background is-style-wide\"\/>\n","protected":false},"excerpt":{"rendered":"<p>SERDECZNIE ZAPRASZAMY DO KONTAKTU: E-mail: hello@p-ink.plTelefon: +48 698 522 018 ul. Klickiego 2199-400 \u0141owicz, wojew\u00f3dztwo \u0142\u00f3dzkie, Polska Dane firmy:Polka. Dorota Piorun-Woli\u0144skaNIP 8341853794<\/p>\n","protected":false},"author":2,"featured_media":0,"parent":2,"menu_order":0,"comment_status":"closed","ping_status":"closed","template":"","meta":{"_monsterinsights_skip_tracking":false,"_monsterinsights_sitenote_active":false,"_monsterinsights_sitenote_note":"","_monsterinsights_sitenote_category":0,"footnotes":""},"class_list":["post-35","page","type-page","status-publish","hentry"],"_links":{"self":[{"href":"https:\/\/p-ink.pl\/index.php?rest_route=\/wp\/v2\/pages\/35","targetHints":{"allow":["GET"]}}],"collection":[{"href":"https:\/\/p-ink.pl\/index.php?rest_route=\/wp\/v2\/pages"}],"about":[{"href":"https:\/\/p-ink.pl\/index.php?rest_route=\/wp\/v2\/types\/page"}],"author":[{"embeddable":true,"href":"https:\/\/p-ink.pl\/index.php?rest_route=\/wp\/v2\/users\/2"}],"replies":[{"embeddable":true,"href":"https:\/\/p-ink.pl\/index.php?rest_route=%2Fwp%2Fv2%2Fcomments&post=35"}],"version-history":[{"count":66,"href":"https:\/\/p-ink.pl\/index.php?rest_route=\/wp\/v2\/pages\/35\/revisions"}],"predecessor-version":[{"id":1150,"href":"https:\/\/p-ink.pl\/index.php?rest_route=\/wp\/v2\/pages\/35\/revisions\/1150"}],"up":[{"embeddable":true,"href":"https:\/\/p-ink.pl\/index.php?rest_route=\/wp\/v2\/pages\/2"}],"wp:attachment":[{"href":"https:\/\/p-ink.pl\/index.php?rest_route=%2Fwp%2Fv2%2Fmedia&parent=35"}],"curies":[{"name":"wp","href":"https:\/\/api.w.org\/{rel}","templated":true}]}}