{"id":186,"date":"2024-11-07T21:14:15","date_gmt":"2024-11-07T20:14:15","guid":{"rendered":"https:\/\/p-ink.pl\/?page_id=186"},"modified":"2024-12-05T18:40:06","modified_gmt":"2024-12-05T17:40:06","slug":"o-p-ink-u","status":"publish","type":"page","link":"https:\/\/p-ink.pl\/?page_id=186","title":{"rendered":"O P.ink&#8217;u"},"content":{"rendered":"\n<p class=\"is-style-links-underline-on-hover has-large-font-size\">O P.ink&#8217;u<\/p>\n\n\n<p style=\"text-align:justify;\">P.ink to lokalna pracownia poligraficzna w sercu \u0141owicza, prowadzona z pasj\u0105 do druku i tworzenia. Firma specjalizuje si\u0119 w realizacji r\u00f3\u017cnorodnych zlece\u0144, obejmuj\u0105cych nowoczesne technologie druku, precyzyjne ci\u0119cie, grawerowanie, introligatorstwo oraz uszlachetnianie materia\u0142\u00f3w.<br \/>\nKa\u017cde zlecenie traktujemy indywidualnie, \u0142\u0105cz\u0105c tradycyjne rzemios\u0142o z innowacyjnymi rozwi\u0105zaniami. Niezale\u017cnie od tego, czy potrzebujesz eleganckich zaprosze\u0144, wyj\u0105tkowych materia\u0142\u00f3w reklamowych, czy nietypowych projekt\u00f3w, jeste\u015bmy tutaj, aby pom\u00f3c. Naszym celem jest dostarczanie produkt\u00f3w najwy\u017cszej jako\u015bci, kt\u00f3re sprostaj\u0105 Twoim oczekiwaniom.<br \/>\nZapraszamy do wsp\u00f3\u0142pracy i wsp\u00f3lnego tworzenia!<\/p>\n\n\n\n<div style=\"height:19px\" aria-hidden=\"true\" class=\"wp-block-spacer\"><\/div>\n\n\n\n<hr class=\"wp-block-separator has-alpha-channel-opacity has-accent-bands-light-gradient-background has-background is-style-wide\"\/>\n\n\n\n<figure class=\"wp-block-image size-large\"><img loading=\"lazy\" decoding=\"async\" width=\"1024\" height=\"704\" src=\"https:\/\/p-ink.pl\/wp-content\/uploads\/2024\/11\/praca-przy-maszynie-offsetowej-1024x704.png\" alt=\"\" class=\"wp-image-1007\" srcset=\"https:\/\/p-ink.pl\/wp-content\/uploads\/2024\/11\/praca-przy-maszynie-offsetowej-1024x704.png 1024w, https:\/\/p-ink.pl\/wp-content\/uploads\/2024\/11\/praca-przy-maszynie-offsetowej-300x206.png 300w, https:\/\/p-ink.pl\/wp-content\/uploads\/2024\/11\/praca-przy-maszynie-offsetowej-768x528.png 768w, https:\/\/p-ink.pl\/wp-content\/uploads\/2024\/11\/praca-przy-maszynie-offsetowej-1536x1056.png 1536w, https:\/\/p-ink.pl\/wp-content\/uploads\/2024\/11\/praca-przy-maszynie-offsetowej.png 1589w\" sizes=\"auto, (max-width: 1024px) 100vw, 1024px\" \/><\/figure>\n\n\n\n<div style=\"height:18px\" aria-hidden=\"true\" class=\"wp-block-spacer\"><\/div>\n\n\n\n<p class=\"has-large-font-size\">Dlaczego P.ink?<\/p>\n\n\n\n<ul class=\"wp-block-list\">\n<li>Profesjonalizm: Nasze wieloletnie do\u015bwiadczenie w bran\u017cy drukarskiej pozwala nam zapewni\u0107 Ci us\u0142ugi na najwy\u017cszym poziomie.<\/li>\n\n\n\n<li>Innowacyjno\u015b\u0107: \u015aledzimy najnowsze trendy w dziedzinie druku i stale inwestujemy w nowoczesn\u0105 technologi\u0119, aby dostarczy\u0107 Ci rozwi\u0105zania, kt\u00f3re zachwyc\u0105.<\/li>\n\n\n\n<li>Kreatywno\u015b\u0107: Naszym priorytetem jest satysfakcja klienta. Dlatego dbamy o ka\u017cdy detal, tak, aby Twoje projekty przyci\u0105ga\u0142y uwag\u0119.<\/li>\n\n\n\n<li>Zr\u00f3wnowa\u017cony rozw\u00f3j: Dba\u0142o\u015b\u0107 o \u015brodowisko to dla nas wa\u017cna warto\u015b\u0107. Nasz ekologiczny druk Riso to dow\u00f3d naszego zaanga\u017cowania w ochron\u0119 natury.\u2028<\/li>\n<\/ul>\n\n\n\n<div style=\"height:18px\" aria-hidden=\"true\" class=\"wp-block-spacer\"><\/div>\n\n\n<p style=\"text-align:justify;\">Zapraszamy do skorzystania z naszej oferty i odkrycia, jak mo\u017cemy podnie\u015b\u0107 warto\u015b\u0107 Twojej marki poprzez doskona\u0142y druk i kreatywne projekty. Z nami Twoje pomys\u0142y nabior\u0105 realnego kszta\u0142tu, a Twoja marka zyska wyj\u0105tkowy charakter. Skontaktuj si\u0119 z nami ju\u017c dzi\u015b, a razem stworzymy co\u015b niezapomnianego!<\/p>\n\n\n\n<hr class=\"wp-block-separator has-alpha-channel-opacity has-accent-bands-light-gradient-background has-background is-style-wide\"\/>\n","protected":false},"excerpt":{"rendered":"<p>O P.ink&#8217;u Dlaczego P.ink?<\/p>\n","protected":false},"author":2,"featured_media":0,"parent":0,"menu_order":0,"comment_status":"closed","ping_status":"closed","template":"","meta":{"_monsterinsights_skip_tracking":false,"_monsterinsights_sitenote_active":false,"_monsterinsights_sitenote_note":"","_monsterinsights_sitenote_category":0,"footnotes":""},"class_list":["post-186","page","type-page","status-publish","hentry"],"_links":{"self":[{"href":"https:\/\/p-ink.pl\/index.php?rest_route=\/wp\/v2\/pages\/186","targetHints":{"allow":["GET"]}}],"collection":[{"href":"https:\/\/p-ink.pl\/index.php?rest_route=\/wp\/v2\/pages"}],"about":[{"href":"https:\/\/p-ink.pl\/index.php?rest_route=\/wp\/v2\/types\/page"}],"author":[{"embeddable":true,"href":"https:\/\/p-ink.pl\/index.php?rest_route=\/wp\/v2\/users\/2"}],"replies":[{"embeddable":true,"href":"https:\/\/p-ink.pl\/index.php?rest_route=%2Fwp%2Fv2%2Fcomments&post=186"}],"version-history":[{"count":13,"href":"https:\/\/p-ink.pl\/index.php?rest_route=\/wp\/v2\/pages\/186\/revisions"}],"predecessor-version":[{"id":1135,"href":"https:\/\/p-ink.pl\/index.php?rest_route=\/wp\/v2\/pages\/186\/revisions\/1135"}],"wp:attachment":[{"href":"https:\/\/p-ink.pl\/index.php?rest_route=%2Fwp%2Fv2%2Fmedia&parent=186"}],"curies":[{"name":"wp","href":"https:\/\/api.w.org\/{rel}","templated":true}]}}